{"id":124,"date":"2025-03-19T18:33:30","date_gmt":"2025-03-19T18:33:30","guid":{"rendered":"https:\/\/nuevo.naposta.org.ar\/?page_id=124"},"modified":"2025-03-19T18:35:17","modified_gmt":"2025-03-19T18:35:17","slug":"crecimiento-de-bahia-blanca-y-el-arroyo","status":"publish","type":"page","link":"https:\/\/nuevo.naposta.org.ar\/?page_id=124","title":{"rendered":"Crecimiento de Bah\u00eda Blanca y el arroyo"},"content":{"rendered":"\t\t<div data-elementor-type=\"wp-page\" data-elementor-id=\"124\" class=\"elementor elementor-124\">\n\t\t\t\t<div class=\"elementor-element elementor-element-4f79d1b e-flex e-con-boxed e-con e-parent\" data-id=\"4f79d1b\" data-element_type=\"container\">\n\t\t\t\t\t<div class=\"e-con-inner\">\n\t\t\t\t<div class=\"elementor-element elementor-element-b4ba598 elementor-widget elementor-widget-text-editor\" data-id=\"b4ba598\" data-element_type=\"widget\" data-widget_type=\"text-editor.default\">\n\t\t\t\t<div class=\"elementor-widget-container\">\n\t\t\t\t\t\t\t\t\t<p>Hist\u00f3ricamente la relaci\u00f3n de Bah\u00eda Blanca con el arroyo Napost\u00e1 Grande ha sido particular. De hecho, el curso de agua fue causa del primer asentamiento en el a\u00f1o 1824 que a\u00f1os m\u00e1s tarde dar\u00eda origen a la ciudad.<\/p><p>Con el paso del tiempo, el crecimiento de la ciudad encontr\u00f3 en el Napost\u00e1 una barrera natural, que luego fue sobrepasada con la creaci\u00f3n de nuevos n\u00facleos barriales, muchos de los cuales se asentaron sobre el valle de inundaci\u00f3n del arroyo.<\/p>\t\t\t\t\t\t\t\t<\/div>\n\t\t\t\t<\/div>\n\t\t\t\t\t<\/div>\n\t\t\t\t<\/div>\n\t\t<div class=\"elementor-element elementor-element-6b2867c e-flex e-con-boxed e-con e-parent\" data-id=\"6b2867c\" data-element_type=\"container\">\n\t\t\t\t\t<div class=\"e-con-inner\">\n\t\t<div class=\"elementor-element elementor-element-deea300 e-con-full e-flex e-con e-child\" data-id=\"deea300\" data-element_type=\"container\">\n\t\t\t\t<div class=\"elementor-element elementor-element-edc2384 elementor-widget elementor-widget-image\" data-id=\"edc2384\" data-element_type=\"widget\" data-widget_type=\"image.default\">\n\t\t\t\t<div class=\"elementor-widget-container\">\n\t\t\t\t\t\t\t\t\t\t\t\t\t\t\t<img fetchpriority=\"high\" decoding=\"async\" width=\"421\" height=\"304\" src=\"https:\/\/nuevo.naposta.org.ar\/wp-content\/uploads\/2025\/03\/crecimiento1.png\" class=\"attachment-large size-large wp-image-127\" alt=\"\" srcset=\"https:\/\/nuevo.naposta.org.ar\/wp-content\/uploads\/2025\/03\/crecimiento1.png 421w, https:\/\/nuevo.naposta.org.ar\/wp-content\/uploads\/2025\/03\/crecimiento1-300x217.png 300w\" sizes=\"(max-width: 421px) 100vw, 421px\" \/>\t\t\t\t\t\t\t\t\t\t\t\t\t\t\t<\/div>\n\t\t\t\t<\/div>\n\t\t\t\t<\/div>\n\t\t<div class=\"elementor-element elementor-element-ee0b86b e-con-full e-flex e-con e-child\" data-id=\"ee0b86b\" data-element_type=\"container\">\n\t\t\t\t<div class=\"elementor-element elementor-element-1874488 elementor-widget elementor-widget-image\" data-id=\"1874488\" data-element_type=\"widget\" data-widget_type=\"image.default\">\n\t\t\t\t<div class=\"elementor-widget-container\">\n\t\t\t\t\t\t\t\t\t\t\t\t\t\t\t<img decoding=\"async\" width=\"423\" height=\"325\" src=\"https:\/\/nuevo.naposta.org.ar\/wp-content\/uploads\/2025\/03\/crecimiento.png\" class=\"attachment-large size-large wp-image-126\" alt=\"\" srcset=\"https:\/\/nuevo.naposta.org.ar\/wp-content\/uploads\/2025\/03\/crecimiento.png 423w, https:\/\/nuevo.naposta.org.ar\/wp-content\/uploads\/2025\/03\/crecimiento-300x230.png 300w\" sizes=\"(max-width: 423px) 100vw, 423px\" \/>\t\t\t\t\t\t\t\t\t\t\t\t\t\t\t<\/div>\n\t\t\t\t<\/div>\n\t\t\t\t<\/div>\n\t\t<div class=\"elementor-element elementor-element-ff584b9 e-con-full e-flex e-con e-child\" data-id=\"ff584b9\" data-element_type=\"container\">\n\t\t\t\t<div class=\"elementor-element elementor-element-b2347d9 elementor-widget elementor-widget-image\" data-id=\"b2347d9\" data-element_type=\"widget\" data-widget_type=\"image.default\">\n\t\t\t\t<div class=\"elementor-widget-container\">\n\t\t\t\t\t\t\t\t\t\t\t\t\t\t\t<img decoding=\"async\" width=\"421\" height=\"276\" src=\"https:\/\/nuevo.naposta.org.ar\/wp-content\/uploads\/2025\/03\/crecimiento2.png\" class=\"attachment-large size-large wp-image-128\" alt=\"\" srcset=\"https:\/\/nuevo.naposta.org.ar\/wp-content\/uploads\/2025\/03\/crecimiento2.png 421w, https:\/\/nuevo.naposta.org.ar\/wp-content\/uploads\/2025\/03\/crecimiento2-300x197.png 300w\" sizes=\"(max-width: 421px) 100vw, 421px\" \/>\t\t\t\t\t\t\t\t\t\t\t\t\t\t\t<\/div>\n\t\t\t\t<\/div>\n\t\t\t\t<\/div>\n\t\t<div class=\"elementor-element elementor-element-cc244db e-con-full e-flex e-con e-child\" data-id=\"cc244db\" data-element_type=\"container\">\n\t\t\t\t<\/div>\n\t\t<div class=\"elementor-element elementor-element-9d63115 e-con-full e-flex e-con e-child\" data-id=\"9d63115\" data-element_type=\"container\">\n\t\t\t\t<\/div>\n\t\t<div class=\"elementor-element elementor-element-4badc83 e-con-full e-flex e-con e-child\" data-id=\"4badc83\" data-element_type=\"container\">\n\t\t\t\t<\/div>\n\t\t\t\t\t<\/div>\n\t\t\t\t<\/div>\n\t\t\t\t<\/div>\n\t\t","protected":false},"excerpt":{"rendered":"<p>Hist\u00f3ricamente la relaci\u00f3n de Bah\u00eda Blanca con el arroyo Napost\u00e1 Grande ha sido particular. De hecho, el curso de agua [&hellip;]<\/p>\n","protected":false},"author":1,"featured_media":0,"parent":0,"menu_order":0,"comment_status":"closed","ping_status":"closed","template":"","meta":{"site-sidebar-layout":"no-sidebar","site-content-layout":"","ast-site-content-layout":"full-width-container","site-content-style":"default","site-sidebar-style":"default","ast-global-header-display":"","ast-banner-title-visibility":"","ast-main-header-display":"","ast-hfb-above-header-display":"","ast-hfb-below-header-display":"","ast-hfb-mobile-header-display":"","site-post-title":"disabled","ast-breadcrumbs-content":"","ast-featured-img":"disabled","footer-sml-layout":"","theme-transparent-header-meta":"","adv-header-id-meta":"","stick-header-meta":"","header-above-stick-meta":"","header-main-stick-meta":"","header-below-stick-meta":"","astra-migrate-meta-layouts":"default","ast-page-background-enabled":"default","ast-page-background-meta":{"desktop":{"background-color":"var(--ast-global-color-5)","background-image":"","background-repeat":"repeat","background-position":"center center","background-size":"auto","background-attachment":"scroll","background-type":"","background-media":"","overlay-type":"","overlay-color":"","overlay-opacity":"","overlay-gradient":""},"tablet":{"background-color":"","background-image":"","background-repeat":"repeat","background-position":"center center","background-size":"auto","background-attachment":"scroll","background-type":"","background-media":"","overlay-type":"","overlay-color":"","overlay-opacity":"","overlay-gradient":""},"mobile":{"background-color":"","background-image":"","background-repeat":"repeat","background-position":"center center","background-size":"auto","background-attachment":"scroll","background-type":"","background-media":"","overlay-type":"","overlay-color":"","overlay-opacity":"","overlay-gradient":""}},"ast-content-background-meta":{"desktop":{"background-color":"var(--ast-global-color-4)","background-image":"","background-repeat":"repeat","background-position":"center center","background-size":"auto","background-attachment":"scroll","background-type":"","background-media":"","overlay-type":"","overlay-color":"","overlay-opacity":"","overlay-gradient":""},"tablet":{"background-color":"var(--ast-global-color-4)","background-image":"","background-repeat":"repeat","background-position":"center center","background-size":"auto","background-attachment":"scroll","background-type":"","background-media":"","overlay-type":"","overlay-color":"","overlay-opacity":"","overlay-gradient":""},"mobile":{"background-color":"var(--ast-global-color-4)","background-image":"","background-repeat":"repeat","background-position":"center center","background-size":"auto","background-attachment":"scroll","background-type":"","background-media":"","overlay-type":"","overlay-color":"","overlay-opacity":"","overlay-gradient":""}},"footnotes":""},"class_list":["post-124","page","type-page","status-publish","hentry"],"_links":{"self":[{"href":"https:\/\/nuevo.naposta.org.ar\/index.php?rest_route=\/wp\/v2\/pages\/124","targetHints":{"allow":["GET"]}}],"collection":[{"href":"https:\/\/nuevo.naposta.org.ar\/index.php?rest_route=\/wp\/v2\/pages"}],"about":[{"href":"https:\/\/nuevo.naposta.org.ar\/index.php?rest_route=\/wp\/v2\/types\/page"}],"author":[{"embeddable":true,"href":"https:\/\/nuevo.naposta.org.ar\/index.php?rest_route=\/wp\/v2\/users\/1"}],"replies":[{"embeddable":true,"href":"https:\/\/nuevo.naposta.org.ar\/index.php?rest_route=%2Fwp%2Fv2%2Fcomments&post=124"}],"version-history":[{"count":4,"href":"https:\/\/nuevo.naposta.org.ar\/index.php?rest_route=\/wp\/v2\/pages\/124\/revisions"}],"predecessor-version":[{"id":131,"href":"https:\/\/nuevo.naposta.org.ar\/index.php?rest_route=\/wp\/v2\/pages\/124\/revisions\/131"}],"wp:attachment":[{"href":"https:\/\/nuevo.naposta.org.ar\/index.php?rest_route=%2Fwp%2Fv2%2Fmedia&parent=124"}],"curies":[{"name":"wp","href":"https:\/\/api.w.org\/{rel}","templated":true}]}}